{"id":3149,"date":"2018-04-05T03:54:56","date_gmt":"2018-04-05T03:54:56","guid":{"rendered":"http:\/\/artemisconsultinggroup.net\/?page_id=3149"},"modified":"2018-05-30T18:24:17","modified_gmt":"2018-05-30T18:24:17","slug":"home","status":"publish","type":"page","link":"https:\/\/artemisconsultinggroup.net\/","title":{"rendered":"Home"},"content":{"rendered":"<p>[et_pb_section bb_built=&#8221;1&#8243; _builder_version=&#8221;3.0.92&#8243; background_image=&#8221;http:\/\/artemisconsultinggroup.net\/wp-content\/uploads\/2018\/04\/BG-ContractPentwobizmeeting-1.jpg&#8221; custom_margin=&#8221;0px|0px|0px|0px&#8221; custom_padding=&#8221;0px|0px|0px|0px&#8221; background_position=&#8221;bottom_left&#8221; parallax=&#8221;on&#8221; parallax_method=&#8221;off&#8221;][et_pb_row _builder_version=&#8221;3.0.92&#8243; background_color=&#8221;rgba(3,65,107,0.41)&#8221; make_fullwidth=&#8221;on&#8221; use_custom_gutter=&#8221;on&#8221; gutter_width=&#8221;1&#8243; custom_margin=&#8221;0px|0px|0px|0px&#8221; custom_padding=&#8221;15%|15%|15%|15%&#8221;][et_pb_column type=&#8221;4_4&#8243;][et_pb_text admin_label=&#8221;Header&#8221; _builder_version=&#8221;3.0.92&#8243; background_layout=&#8221;dark&#8221; header_font_size=&#8221;35px&#8221; text_orientation=&#8221;center&#8221;]<\/p>\n<h1>Writing Consulting, Professional and Career Development<\/h1>\n<h1>Including R\u00e9sum\u00e9 and Interview Preparation<\/h1>\n<p>[\/et_pb_text][\/et_pb_column][\/et_pb_row][\/et_pb_section][et_pb_section bb_built=&#8221;1&#8243; fullwidth=&#8221;off&#8221; specialty=&#8221;off&#8221;][et_pb_row _builder_version=&#8221;3.0.92&#8243;][et_pb_column type=&#8221;4_4&#8243;][et_pb_text admin_label=&#8221;Welcome to ARTEMIS CONSULTING GROUP,&#8221; _builder_version=&#8221;3.0.92&#8243; background_layout=&#8221;light&#8221;]<\/p>\n<h4><img decoding=\"async\" loading=\"lazy\" class=\"alignnone wp-image-3209 \" src=\"http:\/\/artemisconsultinggroup.net\/wp-content\/uploads\/2018\/04\/Artemis-logo-3.png\" alt=\"\" width=\"292\" height=\"61\" srcset=\"https:\/\/artemisconsultinggroup.net\/wp-content\/uploads\/2018\/04\/Artemis-logo-3.png 800w, https:\/\/artemisconsultinggroup.net\/wp-content\/uploads\/2018\/04\/Artemis-logo-3-300x63.png 300w, https:\/\/artemisconsultinggroup.net\/wp-content\/uploads\/2018\/04\/Artemis-logo-3-768x160.png 768w\" sizes=\"(max-width: 292px) 100vw, 292px\" \/>\u00a0\u00a0<span style=\"color: #1d1dad;\">| <\/span><span style=\"color: #003366;\">Your Specialist in Workplace and Career Development<\/span><\/h4>\n<p>Welcome to ARTEMIS CONSULTING GROUP, LLC. We specialize in workplace and career development. To successfully meet the demands of an endlessly changing workplace, Artemis Consulting Group provides structured insight on how to successfully manage the meaningful challenges that any emerging organization provides. Because of this, we are committed to developing strategies that build a better understanding for immediate application. We employ innovative approaches that will magnify and expand organizational talent.<\/p>\n<p>[\/et_pb_text][\/et_pb_column][\/et_pb_row][et_pb_row][et_pb_column type=&#8221;1_3&#8243;][et_pb_blurb admin_label=&#8221;PROFESSIONAL DEVELOPMENT&#8221; _builder_version=&#8221;3.0.92&#8243; title=&#8221;PROFESSIONAL DEVELOPMENT&#8221; url=&#8221;http:\/\/artemisconsultinggroup.net\/workplace-development\/&#8221; url_new_window=&#8221;off&#8221; use_icon=&#8221;off&#8221; font_icon=&#8221;%%32%%&#8221; use_circle=&#8221;off&#8221; use_circle_border=&#8221;off&#8221; icon_placement=&#8221;top&#8221; use_icon_font_size=&#8221;off&#8221; background_layout=&#8221;dark&#8221; image=&#8221;http:\/\/artemisconsultinggroup.net\/wp-content\/uploads\/2018\/04\/T6.jpg&#8221; border_radii_image=&#8221;on|5px|5px|5px|5px&#8221; border_width_all_image=&#8221;1&#8243; custom_padding=&#8221;8%|8%|8%|8%&#8221; border_radii=&#8221;on|5px|5px|5px|5px&#8221; box_shadow_style=&#8221;preset3&#8243; animation=&#8221;off&#8221; border_width_all=&#8221;1&#8243; header_text_color=&#8221;#ffffff&#8221; background_color=&#8221;#2a407a&#8221; border_color_all=&#8221;#000000&#8243; border_color_all_image=&#8221;#ffffff&#8221; saved_tabs=&#8221;all&#8221;]<\/p>\n<ul>\n<li>Leadership Development<\/li>\n<li>Work\/Life Balance<\/li>\n<li>Assertiveness Development<\/li>\n<li>Career Development<\/li>\n<li>Stress Management<\/li>\n<li>Diversity Training<\/li>\n<li>Management Training<\/li>\n<li>Team Building<\/li>\n<\/ul>\n<p style=\"text-align: right;\"><span style=\"color: #ccffff;\"><a style=\"color: #ccffff;\" href=\"http:\/\/artemisconsultinggroup.net\/workplace-development\/\">LEARN MORE&#8230;<\/a><\/span><\/p>\n<p>[\/et_pb_blurb][\/et_pb_column][et_pb_column type=&#8221;1_3&#8243;][et_pb_blurb admin_label=&#8221;R\u00c9SUM\u00c9 &amp; INTERVIEW PREP&#8221; _builder_version=&#8221;3.0.92&#8243; title=&#8221;R\u00c9SUM\u00c9 &amp; INTERVIEW PREP&#8221; url=&#8221;http:\/\/artemisconsultinggroup.net\/resume-interview-prep\/&#8221; url_new_window=&#8221;off&#8221; use_icon=&#8221;off&#8221; font_icon=&#8221;%%32%%&#8221; use_circle=&#8221;off&#8221; use_circle_border=&#8221;off&#8221; icon_placement=&#8221;top&#8221; use_icon_font_size=&#8221;off&#8221; background_layout=&#8221;dark&#8221; image=&#8221;http:\/\/artemisconsultinggroup.net\/wp-content\/uploads\/2018\/04\/T7.jpg&#8221; border_radii_image=&#8221;on|5px|5px|5px|5px&#8221; border_width_all_image=&#8221;1&#8243; custom_padding=&#8221;8%|8%|8%|8%&#8221; border_radii=&#8221;on|5px|5px|5px|5px&#8221; box_shadow_style=&#8221;preset3&#8243; animation=&#8221;off&#8221; border_width_all=&#8221;1&#8243; header_text_color=&#8221;#ffffff&#8221; background_color=&#8221;#2a407a&#8221; border_color_all=&#8221;#000000&#8243; border_color_all_image=&#8221;#ffffff&#8221; saved_tabs=&#8221;all&#8221;]<\/p>\n<ul>\n<li>R\u00e9sum\u00e9<\/li>\n<li>Cover Letter<\/li>\n<li>Thank You Letter<\/li>\n<li>Follow-Up Letter<\/li>\n<li>Resignation Letter<\/li>\n<li>Mock Interview<\/li>\n<li>One-on-One Coaching<\/li>\n<li>Strategic Coaching on STAR Method<\/li>\n<\/ul>\n<p style=\"text-align: right;\"><span style=\"color: #ccffff;\"><a style=\"color: #ccffff;\" href=\"http:\/\/artemisconsultinggroup.net\/resume-interview-prep\/\">LEARN MORE&#8230;<\/a><\/span><\/p>\n<p>[\/et_pb_blurb][\/et_pb_column][et_pb_column type=&#8221;1_3&#8243;][et_pb_blurb admin_label=&#8221; SPECIAL SERVICES&#8221; _builder_version=&#8221;3.0.92&#8243; title=&#8221; SPECIAL SERVICES&#8221; url=&#8221;http:\/\/artemisconsultinggroup.net\/special-services\/&#8221; url_new_window=&#8221;off&#8221; use_icon=&#8221;off&#8221; font_icon=&#8221;%%32%%&#8221; use_circle=&#8221;off&#8221; use_circle_border=&#8221;off&#8221; icon_placement=&#8221;top&#8221; use_icon_font_size=&#8221;off&#8221; background_layout=&#8221;dark&#8221; image=&#8221;http:\/\/artemisconsultinggroup.net\/wp-content\/uploads\/2018\/04\/T5.jpg&#8221; border_radii_image=&#8221;on|5px|5px|5px|5px&#8221; border_width_all_image=&#8221;1&#8243; custom_padding=&#8221;8%|8%|8%|8%&#8221; border_radii=&#8221;on|5px|5px|5px|5px&#8221; box_shadow_style=&#8221;preset3&#8243; animation=&#8221;off&#8221; border_width_all=&#8221;1&#8243; header_text_color=&#8221;#ffffff&#8221; background_color=&#8221;#2a407a&#8221; border_color_all=&#8221;#000000&#8243; border_color_all_image=&#8221;#ffffff&#8221; saved_tabs=&#8221;all&#8221;]<\/p>\n<ul>\n<li>Motivational Speaking<\/li>\n<li>Train-the-Trainer Series<\/li>\n<li>Conflict\/Resolution<\/li>\n<li>Sexual Harassment Training<\/li>\n<li>Customer Relationship Management<\/li>\n<\/ul>\n<p>Customized workshops for any specified area of interest<\/p>\n<p style=\"text-align: right;\"><span style=\"color: #ccffff;\"><a style=\"color: #ccffff;\" href=\"#\">LEARN MORE&#8230;<\/a><\/span><\/p>\n<p>[\/et_pb_blurb][\/et_pb_column][\/et_pb_row][et_pb_row][et_pb_column type=&#8221;1_3&#8243;][et_pb_blurb admin_label=&#8221;OUR CLIENTS&#8221; _builder_version=&#8221;3.0.92&#8243; title=&#8221;OUR CLIENTS&#8221; url=&#8221;http:\/\/artemisconsultinggroup.net\/our-clients\/&#8221; url_new_window=&#8221;off&#8221; use_icon=&#8221;off&#8221; font_icon=&#8221;%%32%%&#8221; use_circle=&#8221;off&#8221; use_circle_border=&#8221;off&#8221; icon_placement=&#8221;top&#8221; use_icon_font_size=&#8221;off&#8221; background_layout=&#8221;dark&#8221; border_radii_image=&#8221;on|5px|5px|5px|5px&#8221; border_width_all_image=&#8221;1&#8243; custom_padding=&#8221;8%|8%|8%|8%&#8221; border_radii=&#8221;on|5px|5px|5px|5px&#8221; box_shadow_style=&#8221;preset3&#8243; animation=&#8221;off&#8221; border_width_all=&#8221;1&#8243; header_text_color=&#8221;#ffffff&#8221; background_color=&#8221;#29547a&#8221; border_color_all=&#8221;#000000&#8243; border_color_all_image=&#8221;#ffffff&#8221; saved_tabs=&#8221;all&#8221;]<\/p>\n<ul>\n<li>Turner Broadcasting System, Inc.<\/li>\n<li>Department of Juvenile Justice<\/li>\n<li>The Boeing Company<\/li>\n<li>State University of West Georgia<\/li>\n<li>Trio Program at Morehouse College<\/li>\n<li>Atlanta Technical College<\/li>\n<li>Alabama A&amp;M University<\/li>\n<li>Prairie View A&amp;M University<\/li>\n<\/ul>\n<p style=\"text-align: right;\"><span style=\"color: #ccffff;\"><a style=\"color: #ccffff;\" href=\"http:\/\/artemisconsultinggroup.net\/our-clients\/\">LEARN MORE&#8230;<\/a><\/span><\/p>\n<p>[\/et_pb_blurb][\/et_pb_column][et_pb_column type=&#8221;1_3&#8243;][et_pb_text admin_label=&#8221;GET A COPY OF OUR BROCHURES:&#8221; _builder_version=&#8221;3.0.92&#8243; background_layout=&#8221;dark&#8221; background_color=&#8221;#0c71c3&#8243; custom_padding=&#8221;5%|8%|5%|8%&#8221; border_radii=&#8221;on|5px|5px|5px|5px&#8221; border_width_all=&#8221;1&#8243; box_shadow_style=&#8221;preset3&#8243; saved_tabs=&#8221;all&#8221; text_text_color=&#8221;#ffffff&#8221; global_module=&#8221;3222&#8243;]<\/p>\n<p><img decoding=\"async\" loading=\"lazy\" class=\"alignnone wp-image-3026 size-full\" src=\"http:\/\/artemisconsultinggroup.net\/wp-content\/uploads\/2018\/03\/Blub-Resources.jpg\" alt=\"\" width=\"600\" height=\"150\" srcset=\"https:\/\/artemisconsultinggroup.net\/wp-content\/uploads\/2018\/03\/Blub-Resources.jpg 600w, https:\/\/artemisconsultinggroup.net\/wp-content\/uploads\/2018\/03\/Blub-Resources-300x75.jpg 300w\" sizes=\"(max-width: 600px) 100vw, 600px\" \/><\/p>\n<ul>\n<li><span style=\"color: #ccffff;\"><em><a style=\"color: #ccffff;\" href=\"http:\/\/artemisconsultinggroup.net\/wp-content\/uploads\/2018\/04\/ACG-Brochures-.pdf\" target=\"_blank\" rel=\"noopener\">ACG Brochures<\/a><\/em><\/span><\/li>\n<li><a href=\"http:\/\/artemisconsultinggroup.net\/wp-content\/uploads\/2018\/05\/ACG-Interview-and-Resume-Writing-Brochure.pdf\" target=\"_blank\" rel=\"noopener\"><span style=\"color: #ccffff;\"><em>ACG Interview and R\u00e9sum\u00e9 Writing Brochure<\/em><\/span><\/a><\/li>\n<li><span style=\"color: #ccffff;\"><em><a style=\"color: #ccffff;\" href=\"http:\/\/artemisconsultinggroup.net\/wp-content\/uploads\/2018\/04\/ACG-Interview-Quick-Reference-Guide.pdf\" target=\"_blank\" rel=\"noopener\">ACG Interview Quick Reference Guide<\/a><\/em><\/span><\/li>\n<li><span style=\"color: #ccffff;\"><em><a style=\"color: #ccffff;\" href=\"http:\/\/artemisconsultinggroup.net\/wp-content\/uploads\/2018\/04\/Resume-Outline.pdf\" target=\"_blank\" rel=\"noopener\">R\u00e9sum\u00e9 Outline<\/a><\/em><\/span><\/li>\n<\/ul>\n<p>[\/et_pb_text][\/et_pb_column][et_pb_column type=&#8221;1_3&#8243;][et_pb_cta admin_label=&#8221;FREE RESUME ASSESSMENT&#8221; _builder_version=&#8221;3.0.92&#8243; title=&#8221;FREE R\u00c9SUM\u00c9 ASSESSMENT&#8221; button_text=&#8221;EMAIL US&#8221; url_new_window=&#8221;off&#8221; use_background_color=&#8221;on&#8221; background_layout=&#8221;dark&#8221; custom_button=&#8221;on&#8221; button_icon_placement=&#8221;right&#8221; button_url=&#8221;http:\/\/artemisconsultinggroup.net\/contact\/&#8221; custom_padding=&#8221;|5%||5%&#8221; border_radii=&#8221;on|5px|5px|5px|5px&#8221; border_width_all=&#8221;1&#8243; background_color=&#8221;#75316d&#8221; button_text_size=&#8221;16&#8243; box_shadow_style=&#8221;preset3&#8243; saved_tabs=&#8221;all&#8221; global_module=&#8221;3338&#8243;]<\/p>\n<p>ARTEMIS CONSULTING GROUP, LLC<\/p>\n<p>CALL\u00a0404.664.4769, or<\/p>\n<p>[\/et_pb_cta][\/et_pb_column][\/et_pb_row][et_pb_row][et_pb_column type=&#8221;4_4&#8243;][et_pb_testimonial _builder_version=&#8221;3.0.92&#8243; author=&#8221;Coy Satterfield, &#8221; job_title=&#8221;Director of Student Support Services&#8221; company_name=&#8221;Department of Juvenile Justice&#8221; url_new_window=&#8221;off&#8221; quote_icon=&#8221;on&#8221; use_background_color=&#8221;on&#8221; quote_icon_background_color=&#8221;#f5f5f5&#8243; background_layout=&#8221;light&#8221; border_color_all=&#8221;#777777&#8243;]<\/p>\n<p><em>I appreciate the excellent workshop that you conducted for the youth at the Department of Juvenile Justice&#8217;s Macon Youth Detention Campus. Based upon the student evaluations and the staff comments, you were and your workshop well received. Your workshop was informative, educational, and exciting!<\/em><\/p>\n<p>[\/et_pb_testimonial][\/et_pb_column][\/et_pb_row][\/et_pb_section][et_pb_section bb_built=&#8221;1&#8243; fullwidth=&#8221;off&#8221; specialty=&#8221;off&#8221; _builder_version=&#8221;3.0.92&#8243; background_color_gradient_start=&#8221;#0c71c3&#8243; background_color_gradient_end=&#8221;#0fc497&#8243; background_position=&#8221;top_left&#8221; parallax=&#8221;on&#8221; parallax_method=&#8221;off&#8221; use_background_color_gradient=&#8221;on&#8221;][et_pb_row _builder_version=&#8221;3.0.92&#8243;][et_pb_column type=&#8221;2_3&#8243;][et_pb_text admin_label=&#8221;NEWS &amp; TIPS&#8221; _builder_version=&#8221;3.0.92&#8243; background_layout=&#8221;dark&#8221;]<\/p>\n<h1>NEWS &amp; TIPS<\/h1>\n<hr \/>\n<h1><\/h1>\n<p>[\/et_pb_text][et_pb_blog admin_label=&#8221;News &amp; Events&#8221; _builder_version=&#8221;3.0.92&#8243; posts_number=&#8221;5&#8243; show_content=&#8221;off&#8221; show_thumbnail=&#8221;off&#8221; show_more=&#8221;on&#8221; show_author=&#8221;off&#8221; show_date=&#8221;off&#8221; show_categories=&#8221;off&#8221; show_comments=&#8221;off&#8221; show_pagination=&#8221;off&#8221; fullwidth=&#8221;on&#8221; use_dropshadow=&#8221;off&#8221; use_overlay=&#8221;off&#8221; background_layout=&#8221;dark&#8221; pagination_font_size_tablet=&#8221;51&#8243; pagination_line_height_tablet=&#8221;2&#8243; include_categories=&#8221;25,14&#8243; body_text_color=&#8221;#d6d6d6&#8243; meta_text_color=&#8221;#ffffff&#8221; pagination_text_color=&#8221;#ffffff&#8221; header_font_size=&#8221;16&#8243; \/][\/et_pb_column][et_pb_column type=&#8221;1_3&#8243;][et_pb_text admin_label=&#8221;PUBLICATIONS&#8221; _builder_version=&#8221;3.0.92&#8243; background_layout=&#8221;dark&#8221;]<\/p>\n<h1>PUBLICATIONS<\/h1>\n<hr \/>\n<h1><\/h1>\n<p>[\/et_pb_text][et_pb_post_slider _builder_version=&#8221;3.0.92&#8243; posts_number=&#8221;5&#8243; include_categories=&#8221;27&#8243; orderby=&#8221;date_desc&#8221; content_source=&#8221;off&#8221; use_manual_excerpt=&#8221;on&#8221; show_arrows=&#8221;on&#8221; show_pagination=&#8221;on&#8221; show_more_button=&#8221;on&#8221; show_meta=&#8221;off&#8221; show_image=&#8221;on&#8221; image_placement=&#8221;left&#8221; show_inner_shadow=&#8221;off&#8221; use_bg_overlay=&#8221;off&#8221; use_text_overlay=&#8221;off&#8221; background_layout=&#8221;dark&#8221; custom_button=&#8221;on&#8221; button_icon_placement=&#8221;right&#8221; show_content_on_mobile=&#8221;on&#8221; show_cta_on_mobile=&#8221;on&#8221; show_image_video_mobile=&#8221;off&#8221; bg_overlay_color=&#8221;rgba(12,113,195,0.49)&#8221; custom_padding=&#8221;|3%||3%&#8221; border_radii=&#8221;on|5px|5px|5px|5px&#8221; border_width_all=&#8221;1&#8243; box_shadow_style=&#8221;preset3&#8243; body_text_align=&#8221;left&#8221; button_text_size=&#8221;16&#8243; background_color=&#8221;rgba(0,0,0,0.27)&#8221; excerpt_length=&#8221;150&#8243; auto=&#8221;on&#8221; auto_speed=&#8221;3500&#8243; \/][\/et_pb_column][\/et_pb_row][\/et_pb_section]<\/p>\n","protected":false},"excerpt":{"rendered":"<p>[et_pb_section bb_built=&#8221;1&#8243; _builder_version=&#8221;3.0.92&#8243; background_image=&#8221;http:\/\/artemisconsultinggroup.net\/wp-content\/uploads\/2018\/04\/BG-ContractPentwobizmeeting-1.jpg&#8221; custom_margin=&#8221;0px|0px|0px|0px&#8221; custom_padding=&#8221;0px|0px|0px|0px&#8221; background_position=&#8221;bottom_left&#8221; parallax=&#8221;on&#8221; parallax_method=&#8221;off&#8221;][et_pb_row _builder_version=&#8221;3.0.92&#8243; background_color=&#8221;rgba(3,65,107,0.41)&#8221; make_fullwidth=&#8221;on&#8221; use_custom_gutter=&#8221;on&#8221; gutter_width=&#8221;1&#8243; custom_margin=&#8221;0px|0px|0px|0px&#8221; custom_padding=&#8221;15%|15%|15%|15%&#8221;][et_pb_column type=&#8221;4_4&#8243;][et_pb_text admin_label=&#8221;Header&#8221; _builder_version=&#8221;3.0.92&#8243; background_layout=&#8221;dark&#8221; header_font_size=&#8221;35px&#8221; text_orientation=&#8221;center&#8221;] Writing Consulting, Professional and Career Development Including R\u00e9sum\u00e9 and Interview Preparation [\/et_pb_text][\/et_pb_column][\/et_pb_row][\/et_pb_section][et_pb_section bb_built=&#8221;1&#8243; fullwidth=&#8221;off&#8221; specialty=&#8221;off&#8221;][et_pb_row _builder_version=&#8221;3.0.92&#8243;][et_pb_column type=&#8221;4_4&#8243;][et_pb_text admin_label=&#8221;Welcome to ARTEMIS CONSULTING GROUP,&#8221; _builder_version=&#8221;3.0.92&#8243; background_layout=&#8221;light&#8221;] \u00a0\u00a0| Your Specialist in Workplace and Career Development Welcome [&hellip;]<\/p>\n","protected":false},"author":1,"featured_media":0,"parent":0,"menu_order":0,"comment_status":"closed","ping_status":"closed","template":"","meta":[],"_links":{"self":[{"href":"https:\/\/artemisconsultinggroup.net\/index.php?rest_route=\/wp\/v2\/pages\/3149"}],"collection":[{"href":"https:\/\/artemisconsultinggroup.net\/index.php?rest_route=\/wp\/v2\/pages"}],"about":[{"href":"https:\/\/artemisconsultinggroup.net\/index.php?rest_route=\/wp\/v2\/types\/page"}],"author":[{"embeddable":true,"href":"https:\/\/artemisconsultinggroup.net\/index.php?rest_route=\/wp\/v2\/users\/1"}],"replies":[{"embeddable":true,"href":"https:\/\/artemisconsultinggroup.net\/index.php?rest_route=%2Fwp%2Fv2%2Fcomments&post=3149"}],"version-history":[{"count":42,"href":"https:\/\/artemisconsultinggroup.net\/index.php?rest_route=\/wp\/v2\/pages\/3149\/revisions"}],"predecessor-version":[{"id":3451,"href":"https:\/\/artemisconsultinggroup.net\/index.php?rest_route=\/wp\/v2\/pages\/3149\/revisions\/3451"}],"wp:attachment":[{"href":"https:\/\/artemisconsultinggroup.net\/index.php?rest_route=%2Fwp%2Fv2%2Fmedia&parent=3149"}],"curies":[{"name":"wp","href":"https:\/\/api.w.org\/{rel}","templated":true}]}}