{"id":3261,"date":"2018-04-24T03:16:52","date_gmt":"2018-04-24T03:16:52","guid":{"rendered":"http:\/\/artemisconsultinggroup.net\/?page_id=3261"},"modified":"2018-05-30T15:26:55","modified_gmt":"2018-05-30T15:26:55","slug":"resume-interview-prep","status":"publish","type":"page","link":"http:\/\/artemisconsultinggroup.net\/?page_id=3261","title":{"rendered":"R\u00c9SUM\u00c9 &#038; INTERVIEW PREP"},"content":{"rendered":"<p>[et_pb_section bb_built=&#8221;1&#8243; fullwidth=&#8221;off&#8221; specialty=&#8221;off&#8221; _builder_version=&#8221;3.0.92&#8243; use_background_color_gradient=&#8221;on&#8221; custom_padding=&#8221;0px|0px|0px|0px&#8221; background_color_gradient_start=&#8221;#2266aa&#8221; background_color_gradient_type=&#8221;radial&#8221; background_image=&#8221;http:\/\/artemisconsultinggroup.net\/wp-content\/uploads\/2018\/04\/BG-Modern-1.jpg&#8221;][et_pb_row _builder_version=&#8221;3.0.92&#8243; custom_padding=&#8221;2%|15%|2%|15%&#8221; custom_margin=&#8221;0px|0px|0px|0px&#8221; background_color=&#8221;rgba(11,108,193,0.56)&#8221; make_fullwidth=&#8221;on&#8221; use_custom_gutter=&#8221;on&#8221; gutter_width=&#8221;1&#8243;][et_pb_column type=&#8221;4_4&#8243;][et_pb_text admin_label=&#8221;Header&#8221; _builder_version=&#8221;3.0.92&#8243; background_layout=&#8221;dark&#8221; custom_padding=&#8221;0px||0px|&#8221;]<\/p>\n<h1 class=\"et_pb_module_header\"><a href=\"http:\/\/artemisconsultinggroup.net\/artemis-proto-2\/#\">R\u00c9SUM\u00c9 &amp; INTERVIEW PREP<\/a><\/h1>\n<p><span class=\"et_pb_fullwidth_header_subhead\">Workplace &amp; Career Development. Including R\u00e9sum\u00e9 and Interview Preparation<\/span><\/p>\n<p>[\/et_pb_text][\/et_pb_column][\/et_pb_row][\/et_pb_section][et_pb_section bb_built=&#8221;1&#8243; fullwidth=&#8221;off&#8221; specialty=&#8221;on&#8221;][et_pb_column type=&#8221;2_3&#8243; specialty_columns=&#8221;2&#8243;][et_pb_row_inner _builder_version=&#8221;3.0.92&#8243; custom_margin=&#8221;||0px|&#8221; custom_padding=&#8221;||0px|&#8221; padding_bottom_1=&#8221;0px&#8221;][et_pb_column_inner type=&#8221;4_4&#8243; saved_specialty_column_type=&#8221;2_3&#8243;][et_pb_text admin_label=&#8221;Need Help Preparing for an Interview?&#8221; _builder_version=&#8221;3.0.92&#8243; background_layout=&#8221;light&#8221;]<\/p>\n<h3><span style=\"color: #333399;\">Need Help Preparing for an Interview?<\/span><\/h3>\n<ul>\n<li>Examine interviewing questions that are likely to be asked by employers<\/li>\n<li>Learn interviewing strategies for immediate application<\/li>\n<li>Explore the unspoken codes of conduct during an interview<\/li>\n<li><a href=\"http:\/\/artemisconsultinggroup.net\/wp-content\/uploads\/2018\/05\/Resume-Sample-1.pdf\" target=\"_blank\" rel=\"noopener\">Sample R\u00e9sum\u00e9 1<\/a><\/li>\n<li><a href=\"http:\/\/artemisconsultinggroup.net\/wp-content\/uploads\/2018\/05\/Resume-Sample-2.pdf\" target=\"_blank\" rel=\"noopener\">Sample R\u00e9sum\u00e9 2<\/a><\/li>\n<\/ul>\n<p><img decoding=\"async\" loading=\"lazy\" class=\"alignnone size-full wp-image-3242\" src=\"http:\/\/artemisconsultinggroup.net\/wp-content\/uploads\/2018\/04\/Header-BG-1.jpg\" alt=\"\" width=\"1500\" height=\"250\" srcset=\"http:\/\/artemisconsultinggroup.net\/wp-content\/uploads\/2018\/04\/Header-BG-1.jpg 1500w, http:\/\/artemisconsultinggroup.net\/wp-content\/uploads\/2018\/04\/Header-BG-1-300x50.jpg 300w, http:\/\/artemisconsultinggroup.net\/wp-content\/uploads\/2018\/04\/Header-BG-1-768x128.jpg 768w, http:\/\/artemisconsultinggroup.net\/wp-content\/uploads\/2018\/04\/Header-BG-1-1024x171.jpg 1024w, http:\/\/artemisconsultinggroup.net\/wp-content\/uploads\/2018\/04\/Header-BG-1-1080x180.jpg 1080w\" sizes=\"(max-width: 1500px) 100vw, 1500px\" \/><\/p>\n<p>[\/et_pb_text][\/et_pb_column_inner][\/et_pb_row_inner][et_pb_row_inner admin_label=&#8221;Row&#8221;][et_pb_column_inner type=&#8221;1_2&#8243; saved_specialty_column_type=&#8221;2_3&#8243;][et_pb_text admin_label=&#8221;Get Results Now! Advantage Package $49.00&#8243; _builder_version=&#8221;3.0.92&#8243; background_layout=&#8221;light&#8221; custom_padding=&#8221;5%|5%|5%|5%&#8221; border_radii=&#8221;on|5px|5px|5px|5px&#8221; border_width_all=&#8221;1&#8243; box_shadow_style=&#8221;preset3&#8243;]<\/p>\n<h3 style=\"text-align: center;\"><span style=\"color: #ff0000;\">Advantage\u00a0<\/span><\/h3>\n<ul>\n<li>20-minute mock interview followed by immediate coaching and development session with a consultant via video chat<\/li>\n<\/ul>\n<form action=\"https:\/\/www.paypal.com\/cgi-bin\/webscr\" method=\"post\" target=\"_blank\"><input name=\"cmd\" type=\"hidden\" value=\"_s-xclick\" \/><br \/>\n<input name=\"hosted_button_id\" type=\"hidden\" value=\"KP63XUYFVG3YL\" \/><br \/>\n<input alt=\"PayPal - The safer, easier way to pay online!\" name=\"submit\" src=\"https:\/\/www.paypalobjects.com\/en_US\/i\/btn\/btn_buynowCC_LG.gif\" type=\"image\" \/><br \/>\n<img decoding=\"async\" loading=\"lazy\" src=\"https:\/\/www.paypalobjects.com\/en_US\/i\/scr\/pixel.gif\" alt=\"\" width=\"1\" height=\"1\" border=\"0\" \/><\/form>\n<p>[\/et_pb_text][et_pb_text admin_label=&#8221;R\u00c9SUM\u00c9 UPDATE $50&#8243; _builder_version=&#8221;3.0.92&#8243; background_layout=&#8221;light&#8221; custom_padding=&#8221;5%|5%|5%|5%&#8221; border_radii=&#8221;on|5px|5px|5px|5px&#8221; border_width_all=&#8221;1&#8243; box_shadow_style=&#8221;preset3&#8243;]<\/p>\n<h3><span style=\"color: #ff0000;\">R\u00c9SUM\u00c9 UPDATE $50<\/span><\/h3>\n<p>(Previous Customers Only)<\/p>\n<form action=\"https:\/\/www.paypal.com\/cgi-bin\/webscr\" method=\"post\" target=\"_blank\"><input name=\"cmd\" type=\"hidden\" value=\"_s-xclick\" \/><br \/>\n<input name=\"hosted_button_id\" type=\"hidden\" value=\"46C42BXX6ZLAC\" \/><br \/>\n<input alt=\"PayPal - The safer, easier way to pay online!\" name=\"submit\" src=\"https:\/\/www.paypalobjects.com\/en_US\/i\/btn\/btn_buynowCC_LG.gif\" type=\"image\" \/><br \/>\n<img decoding=\"async\" loading=\"lazy\" src=\"https:\/\/www.paypalobjects.com\/en_US\/i\/scr\/pixel.gif\" alt=\"\" width=\"1\" height=\"1\" border=\"0\" \/><\/form>\n<p>[\/et_pb_text][et_pb_text admin_label=&#8221;30-Day Plan. ($199)&#8221; _builder_version=&#8221;3.0.92&#8243; background_layout=&#8221;light&#8221; custom_padding=&#8221;5%|5%|5%|5%&#8221; border_radii=&#8221;on|5px|5px|5px|5px&#8221; border_width_all=&#8221;1&#8243; box_shadow_style=&#8221;preset3&#8243;]<\/p>\n<h3><span style=\"color: #ff0000;\">30-Day Plan $199<\/span><\/h3>\n<p>Impress your interviewers with a blueprint of the direction you will take your prospective organization as a leader (leadership\/management to executive-level positions).<\/p>\n<form action=\"https:\/\/www.paypal.com\/cgi-bin\/webscr\" method=\"post\" target=\"_blank\"><input name=\"cmd\" type=\"hidden\" value=\"_s-xclick\" \/><br \/>\n<input name=\"hosted_button_id\" type=\"hidden\" value=\"46C42BXX6ZLAC\" \/><br \/>\n<input alt=\"PayPal - The safer, easier way to pay online!\" name=\"submit\" src=\"https:\/\/www.paypalobjects.com\/en_US\/i\/btn\/btn_buynowCC_LG.gif\" type=\"image\" \/><br \/>\n<img decoding=\"async\" loading=\"lazy\" src=\"https:\/\/www.paypalobjects.com\/en_US\/i\/scr\/pixel.gif\" alt=\"\" width=\"1\" height=\"1\" border=\"0\" \/><\/form>\n<p>[\/et_pb_text][\/et_pb_column_inner][et_pb_column_inner type=&#8221;1_2&#8243; saved_specialty_column_type=&#8221;2_3&#8243;][et_pb_text admin_label=&#8221;PREMIER $99&#8243; _builder_version=&#8221;3.0.92&#8243; background_layout=&#8221;light&#8221; custom_padding=&#8221;5%|5%|5%|5%&#8221; border_radii=&#8221;on|5px|5px|5px|5px&#8221; border_width_all=&#8221;1&#8243; box_shadow_style=&#8221;preset3&#8243;]<\/p>\n<h3><span style=\"color: #ff0000;\">PREMIER $99<\/span><\/h3>\n<ul>\n<li>R\u00e9sum\u00e9<\/li>\n<li>SEO &amp; ATS Keyword Optimization<\/li>\n<\/ul>\n<form action=\"https:\/\/www.paypal.com\/cgi-bin\/webscr\" method=\"post\" target=\"_top\"><input name=\"cmd\" type=\"hidden\" value=\"_s-xclick\" \/><br \/>\n<input name=\"hosted_button_id\" type=\"hidden\" value=\"7N6U9RCESD4KJ\" \/><br \/>\n<input alt=\"PayPal - The safer, easier way to pay online!\" name=\"submit\" src=\"https:\/\/www.paypalobjects.com\/en_US\/i\/btn\/btn_buynowCC_LG.gif\" type=\"image\" \/><br \/>\n<img decoding=\"async\" loading=\"lazy\" src=\"https:\/\/www.paypalobjects.com\/en_US\/i\/scr\/pixel.gif\" alt=\"\" width=\"1\" height=\"1\" border=\"0\" \/><\/form>\n<p>[\/et_pb_text][et_pb_text admin_label=&#8221;REGENCY $129&#8243; _builder_version=&#8221;3.0.92&#8243; background_layout=&#8221;light&#8221; custom_padding=&#8221;5%|5%|5%|5%&#8221; border_radii=&#8221;on|5px|5px|5px|5px&#8221; border_width_all=&#8221;1&#8243; box_shadow_style=&#8221;preset3&#8243;]<\/p>\n<h3><span style=\"color: #ff0000;\">REGENCY $129<\/span><\/h3>\n<ul>\n<li>R\u00e9sum\u00e9<\/li>\n<li>Cover Letter<\/li>\n<li>Thank You Letter<\/li>\n<li>\u00a0SEO &amp; ATS Keyword Optimization<\/li>\n<\/ul>\n<form action=\"https:\/\/www.paypal.com\/cgi-bin\/webscr\" method=\"post\" target=\"_blank\"><input name=\"cmd\" type=\"hidden\" value=\"_s-xclick\" \/><br \/>\n<input name=\"hosted_button_id\" type=\"hidden\" value=\"7P59RSZSJM2EU\" \/><br \/>\n<input alt=\"PayPal - The safer, easier way to pay online!\" name=\"submit\" src=\"https:\/\/www.paypalobjects.com\/en_US\/i\/btn\/btn_buynowCC_LG.gif\" type=\"image\" \/><br \/>\n<img decoding=\"async\" loading=\"lazy\" src=\"https:\/\/www.paypalobjects.com\/en_US\/i\/scr\/pixel.gif\" alt=\"\" width=\"1\" height=\"1\" border=\"0\" \/><\/form>\n<p>[\/et_pb_text][et_pb_text admin_label=&#8221;EXCALIBUR $199&#8243; _builder_version=&#8221;3.0.92&#8243; background_layout=&#8221;light&#8221; custom_padding=&#8221;5%|5%|5%|5%&#8221; border_radii=&#8221;on|5px|5px|5px|5px&#8221; border_width_all=&#8221;1&#8243; box_shadow_style=&#8221;preset3&#8243;]<\/p>\n<h3><span style=\"color: #ff0000;\">EXCALIBUR $199<\/span><\/h3>\n<ul>\n<li>20-minute mock interview with video and one-on-one coaching<\/li>\n<li>Strategic coaching on STAR Method<\/li>\n<li>R\u00e9sum\u00e9<\/li>\n<li>Cover Letter<\/li>\n<li>Thank You Letter<\/li>\n<li>Follow-Up Letter<\/li>\n<li>Resignation Letter<\/li>\n<li>SEO &amp; ATS Keyword Optimization<\/li>\n<\/ul>\n<form action=\"https:\/\/www.paypal.com\/cgi-bin\/webscr\" method=\"post\" target=\"_blank\"><input name=\"cmd\" type=\"hidden\" value=\"_s-xclick\" \/><br \/>\n<input name=\"hosted_button_id\" type=\"hidden\" value=\"8B5LQFD78CA96\" \/><br \/>\n<input alt=\"PayPal - The safer, easier way to pay online!\" name=\"submit\" src=\"https:\/\/www.paypalobjects.com\/en_US\/i\/btn\/btn_buynowCC_LG.gif\" type=\"image\" \/><br \/>\n<img decoding=\"async\" loading=\"lazy\" src=\"https:\/\/www.paypalobjects.com\/en_US\/i\/scr\/pixel.gif\" alt=\"\" width=\"1\" height=\"1\" border=\"0\" \/><\/form>\n<p>[\/et_pb_text][et_pb_text admin_label=&#8221;PROFESSIONAL LETTER $35 (per letter)&#8221; _builder_version=&#8221;3.0.92&#8243; background_layout=&#8221;light&#8221; custom_padding=&#8221;5%|5%|5%|5%&#8221; border_radii=&#8221;on|5px|5px|5px|5px&#8221; border_width_all=&#8221;1&#8243; box_shadow_style=&#8221;preset3&#8243;]<\/p>\n<h3><span style=\"color: #ff0000;\">PROFESSIONAL LETTER $35 (per letter) <\/span><\/h3>\n<ul>\n<li>Cover Letter<\/li>\n<li>Thank You Letter<\/li>\n<li>Follow-Up Letter<\/li>\n<li>Resignation Letter<\/li>\n<\/ul>\n<form action=\"https:\/\/www.paypal.com\/cgi-bin\/webscr\" method=\"post\" target=\"_blank\"><input name=\"cmd\" type=\"hidden\" value=\"_s-xclick\" \/><br \/>\n<input name=\"hosted_button_id\" type=\"hidden\" value=\"6JWZ9QEF6QZPG\" \/><\/p>\n<table>\n<tbody>\n<tr>\n<td><input name=\"on0\" type=\"hidden\" value=\"Letters\" \/>Letters<\/td>\n<\/tr>\n<tr>\n<td><select name=\"os0\"><option value=\"Cover Letter\">Cover Letter<\/option><option value=\"Thank You Letter\">Thank You Letter<\/option><option value=\"Follow-Up Letter\">Follow-Up Letter<\/option><option value=\"Resignation Letter\">Resignation Letter<\/option><\/select><\/td>\n<\/tr>\n<\/tbody>\n<\/table>\n<p><input alt=\"PayPal - The safer, easier way to pay online!\" name=\"submit\" src=\"https:\/\/www.paypalobjects.com\/en_US\/i\/btn\/btn_buynowCC_LG.gif\" type=\"image\" \/><br \/>\n<img decoding=\"async\" loading=\"lazy\" src=\"https:\/\/www.paypalobjects.com\/en_US\/i\/scr\/pixel.gif\" alt=\"\" width=\"1\" height=\"1\" border=\"0\" \/><\/p>\n<\/form>\n<p>[\/et_pb_text][\/et_pb_column_inner][\/et_pb_row_inner][\/et_pb_column][et_pb_column type=&#8221;1_3&#8243;][et_pb_cta admin_label=&#8221;SCHEDULE YOUR FREE INTERVIEW&#8221; _builder_version=&#8221;3.0.92&#8243; title=&#8221;SCHEDULE YOUR FREE INTERVIEW&#8221; button_text=&#8221;EMAIL US&#8221; url_new_window=&#8221;off&#8221; use_background_color=&#8221;on&#8221; background_layout=&#8221;dark&#8221; custom_button=&#8221;on&#8221; button_icon_placement=&#8221;right&#8221; button_url=&#8221;#&#8221; custom_padding=&#8221;|5%||5%&#8221; border_radii=&#8221;on|5px|5px|5px|5px&#8221; border_width_all=&#8221;1&#8243; background_color=&#8221;#75316d&#8221; button_text_size=&#8221;16&#8243; box_shadow_style=&#8221;preset3&#8243; saved_tabs=&#8221;all&#8221; global_module=&#8221;3338&#8243;]<\/p>\n<p>ARTEMIS CONSULTING GROUP, LLC.<\/p>\n<p>CALL\u00a0404.664.4769, or<\/p>\n<p>[\/et_pb_cta][et_pb_text admin_label=&#8221;GET A COPY OF OUR BROCHURES:&#8221; _builder_version=&#8221;3.0.92&#8243; background_layout=&#8221;dark&#8221; background_color=&#8221;#0c71c3&#8243; custom_padding=&#8221;5%|8%|5%|8%&#8221; border_radii=&#8221;on|5px|5px|5px|5px&#8221; border_width_all=&#8221;1&#8243; box_shadow_style=&#8221;preset3&#8243; saved_tabs=&#8221;all&#8221; text_text_color=&#8221;#ffffff&#8221; global_module=&#8221;3222&#8243;]<\/p>\n<p><img decoding=\"async\" loading=\"lazy\" class=\"alignnone wp-image-3026 size-full\" src=\"http:\/\/artemisconsultinggroup.net\/wp-content\/uploads\/2018\/03\/Blub-Resources.jpg\" alt=\"\" width=\"600\" height=\"150\" srcset=\"http:\/\/artemisconsultinggroup.net\/wp-content\/uploads\/2018\/03\/Blub-Resources.jpg 600w, http:\/\/artemisconsultinggroup.net\/wp-content\/uploads\/2018\/03\/Blub-Resources-300x75.jpg 300w\" sizes=\"(max-width: 600px) 100vw, 600px\" \/><\/p>\n<ul>\n<li><span style=\"color: #ccffff;\"><em><a style=\"color: #ccffff;\" href=\"http:\/\/artemisconsultinggroup.net\/wp-content\/uploads\/2018\/04\/ACG-Brochures-.pdf\" target=\"_blank\" rel=\"noopener\">ACG Brochures<\/a><\/em><\/span><\/li>\n<li><span style=\"color: #ccffff;\"><em><a style=\"color: #ccffff;\" href=\"http:\/\/artemisconsultinggroup.net\/wp-content\/uploads\/2018\/04\/ACG-Interview-and-Resume-Writing-Brochure.pdf\" target=\"_blank\" rel=\"noopener\">ACG Interview and Resume Writing Brochure<\/a><\/em><\/span><\/li>\n<li><span style=\"color: #ccffff;\"><em><a style=\"color: #ccffff;\" href=\"http:\/\/artemisconsultinggroup.net\/wp-content\/uploads\/2018\/04\/ACG-Interview-Quick-Reference-Guide.pdf\" target=\"_blank\" rel=\"noopener\">ACG Interview Quick Reference Guide<\/a><\/em><\/span><\/li>\n<li><span style=\"color: #ccffff;\"><em><a style=\"color: #ccffff;\" href=\"http:\/\/artemisconsultinggroup.net\/wp-content\/uploads\/2018\/04\/Resume-Outline.pdf\" target=\"_blank\" rel=\"noopener\">Resume Outline<\/a><\/em><\/span><\/li>\n<\/ul>\n<p>[\/et_pb_text][et_pb_text admin_label=&#8221;SPECIAL SERVICES&#8221; _builder_version=&#8221;3.0.92&#8243; background_layout=&#8221;dark&#8221; background_color=&#8221;#a54500&#8243; custom_padding=&#8221;5%|8%|5%|8%&#8221; border_radii=&#8221;on|5px|5px|5px|5px&#8221; border_width_all=&#8221;1&#8243; box_shadow_style=&#8221;preset3&#8243; saved_tabs=&#8221;all&#8221; global_module=&#8221;3239&#8243;]<\/p>\n<h4><img decoding=\"async\" loading=\"lazy\" class=\"alignnone size-full wp-image-3138\" src=\"http:\/\/artemisconsultinggroup.net\/wp-content\/uploads\/2018\/04\/T2.jpg\" alt=\"\" width=\"600\" height=\"150\" srcset=\"http:\/\/artemisconsultinggroup.net\/wp-content\/uploads\/2018\/04\/T2.jpg 600w, http:\/\/artemisconsultinggroup.net\/wp-content\/uploads\/2018\/04\/T2-300x75.jpg 300w\" sizes=\"(max-width: 600px) 100vw, 600px\" \/><\/h4>\n<h4>SPECIAL SERVICES<\/h4>\n<ul>\n<li>R\u00e9sum\u00e9 Writing<\/li>\n<li>Motivational Speaking<\/li>\n<li>Train-the-Trainer Series<\/li>\n<li>Customized workshops for any specified area of interest<\/li>\n<\/ul>\n<p>[\/et_pb_text][\/et_pb_column][\/et_pb_section]<\/p>\n","protected":false},"excerpt":{"rendered":"<p>[et_pb_section bb_built=&#8221;1&#8243; fullwidth=&#8221;off&#8221; specialty=&#8221;off&#8221; _builder_version=&#8221;3.0.92&#8243; use_background_color_gradient=&#8221;on&#8221; custom_padding=&#8221;0px|0px|0px|0px&#8221; background_color_gradient_start=&#8221;#2266aa&#8221; background_color_gradient_type=&#8221;radial&#8221; background_image=&#8221;http:\/\/artemisconsultinggroup.net\/wp-content\/uploads\/2018\/04\/BG-Modern-1.jpg&#8221;][et_pb_row _builder_version=&#8221;3.0.92&#8243; custom_padding=&#8221;2%|15%|2%|15%&#8221; custom_margin=&#8221;0px|0px|0px|0px&#8221; background_color=&#8221;rgba(11,108,193,0.56)&#8221; make_fullwidth=&#8221;on&#8221; use_custom_gutter=&#8221;on&#8221; gutter_width=&#8221;1&#8243;][et_pb_column type=&#8221;4_4&#8243;][et_pb_text admin_label=&#8221;Header&#8221; _builder_version=&#8221;3.0.92&#8243; background_layout=&#8221;dark&#8221; custom_padding=&#8221;0px||0px|&#8221;] R\u00c9SUM\u00c9 &amp; INTERVIEW PREP Workplace &amp; Career Development. Including R\u00e9sum\u00e9 and Interview Preparation [\/et_pb_text][\/et_pb_column][\/et_pb_row][\/et_pb_section][et_pb_section bb_built=&#8221;1&#8243; fullwidth=&#8221;off&#8221; specialty=&#8221;on&#8221;][et_pb_column type=&#8221;2_3&#8243; specialty_columns=&#8221;2&#8243;][et_pb_row_inner _builder_version=&#8221;3.0.92&#8243; custom_margin=&#8221;||0px|&#8221; custom_padding=&#8221;||0px|&#8221; padding_bottom_1=&#8221;0px&#8221;][et_pb_column_inner type=&#8221;4_4&#8243; saved_specialty_column_type=&#8221;2_3&#8243;][et_pb_text admin_label=&#8221;Need Help Preparing for an Interview?&#8221; _builder_version=&#8221;3.0.92&#8243; background_layout=&#8221;light&#8221;] [&hellip;]<\/p>\n","protected":false},"author":1,"featured_media":0,"parent":0,"menu_order":0,"comment_status":"closed","ping_status":"closed","template":"","meta":[],"_links":{"self":[{"href":"http:\/\/artemisconsultinggroup.net\/index.php?rest_route=\/wp\/v2\/pages\/3261"}],"collection":[{"href":"http:\/\/artemisconsultinggroup.net\/index.php?rest_route=\/wp\/v2\/pages"}],"about":[{"href":"http:\/\/artemisconsultinggroup.net\/index.php?rest_route=\/wp\/v2\/types\/page"}],"author":[{"embeddable":true,"href":"http:\/\/artemisconsultinggroup.net\/index.php?rest_route=\/wp\/v2\/users\/1"}],"replies":[{"embeddable":true,"href":"http:\/\/artemisconsultinggroup.net\/index.php?rest_route=%2Fwp%2Fv2%2Fcomments&post=3261"}],"version-history":[{"count":39,"href":"http:\/\/artemisconsultinggroup.net\/index.php?rest_route=\/wp\/v2\/pages\/3261\/revisions"}],"predecessor-version":[{"id":3460,"href":"http:\/\/artemisconsultinggroup.net\/index.php?rest_route=\/wp\/v2\/pages\/3261\/revisions\/3460"}],"wp:attachment":[{"href":"http:\/\/artemisconsultinggroup.net\/index.php?rest_route=%2Fwp%2Fv2%2Fmedia&parent=3261"}],"curies":[{"name":"wp","href":"https:\/\/api.w.org\/{rel}","templated":true}]}}